{"id":5800,"date":"2023-11-21T16:01:56","date_gmt":"2023-11-21T15:01:56","guid":{"rendered":"https:\/\/cc.in2p3.fr\/berrie\/"},"modified":"2023-11-21T16:01:56","modified_gmt":"2023-11-21T15:01:56","slug":"berrie","status":"publish","type":"page","link":"https:\/\/cc.in2p3.fr\/en\/berrie\/","title":{"rendered":"Berrie"},"content":{"rendered":"<div class=\"wpb-content-wrapper\"><p>[vc_row css=&#8221;.vc_custom_1686654630216{background-color: #ffffff !important;}&#8221;][vc_column][vc_row_inner][vc_column_inner][vc_single_image image=&#8221;3927&#8243; img_size=&#8221;large&#8221;][vc_custom_heading text=&#8221;A la m\u00e9moire de Berrie Giebels&#8221; font_container=&#8221;tag:h1|font_size:42|text_align:center|color:%23676767&#8243; google_fonts=&#8221;font_family:Roboto%3A100%2C100italic%2C300%2C300italic%2Cregular%2Citalic%2C500%2C500italic%2C700%2C700italic%2C900%2C900italic|font_style:400%20regular%3A400%3Anormal&#8221;][\/vc_column_inner][\/vc_row_inner][vc_row_inner][vc_column_inner width=&#8221;1\/2&#8243;][vc_single_image image=&#8221;4258&#8243; img_size=&#8221;full&#8221; css=&#8221;.vc_custom_1700577830145{margin-bottom: 0px !important;border-bottom-width: 0px !important;padding-bottom: 0px !important;}&#8221;][vc_btn title=&#8221;Hommages\/Tributes&#8221; style=&#8221;flat&#8221; align=&#8221;center&#8221; css=&#8221;.vc_custom_1700917086622{margin-top: 2px !important;border-top-width: 2px !important;padding-top: 2px !important;}&#8221; el_class=&#8221;bt-tribute&#8221; link=&#8221;url:https%3A%2F%2Fcc.in2p3.fr%2Ftemoignages-tributes-berrie%2F|title:Berrie&#8221;][\/vc_column_inner][vc_column_inner width=&#8221;1\/2&#8243;][vc_column_text]<\/p>\n<p style=\"font-weight: 400;\">Notre coll\u00e8gue et ami Berrie Giebels nous a quitt\u00e9s bien trop t\u00f4t, emport\u00e9 par la maladie. Il nous laisse ici avec une immense tristesse.<\/p>\n<p style=\"font-weight: 400;\">En huit ans pass\u00e9s \u00e0 la direction de l\u2019IN2P3, comme DAS Astroparticules et cosmologie, puis comme directeur adjoint de l\u2019institut, Berrie a incarn\u00e9 et port\u00e9 de fa\u00e7on admirable l\u2019esprit de l\u2019IN2P3. Tout \u00e0 la fois physicien passionn\u00e9 et strat\u00e8ge, il portait ses responsabilit\u00e9s avec aisance et un sens aigu des enjeux, comme en t\u00e9moigne son implication forte et d\u00e9terminante dans la pr\u00e9paration, le d\u00e9roulement et la r\u00e9daction du rapport final de l\u2019exercice de prospective. Cette vision impr\u00e9gnait tout son travail et en p\u00e9dagogue convaincu, il passait beaucoup de temps \u00e0 y sensibiliser l\u2019ensemble de ses interlocuteurs.<\/p>\n<p style=\"font-weight: 400;\">Berrie \u00e9tait dot\u00e9 d\u2019un sens aigu de l\u2019observation, plein d\u2019humour et jamais avare d\u2019un bon mot. Il s\u2019est battu des mois durant avec force et d\u00e9termination, et il continuait \u00e0 venir au bureau comme si, en la traitant avec distance, il conjurait la maladie. La disparition de Berrie est un d\u00e9chirement pour nous tous, \u00e0 l\u2019IN2P3, et bien au-del\u00e0 pour tous ceux qui l\u2019ont connu \u00e0 travers le monde. Toutes nos pens\u00e9es vont \u00e0 sa famille et \u00e0 ses proches.<\/p>\n<p>[\/vc_column_text][vc_column_text]<\/p>\n<p style=\"color: #848484; font-size: 14pt;\">\u2026\u2026\u2026\u2026<\/p>\n<p>[\/vc_column_text][vc_column_text]Les t\u00e9moignages \u00e0 la m\u00e9moire de Berrie sont recueillis par email \u00e0 l\u2019adresse\u00a0 <a href=\"mailto:memoriam.berrie-giebels@in2p3.fr\">memoriam.berrie-giebels@in2p3.fr<\/a>. Ils seront ajout\u00e9s \u00e0 cette page \u00e0 mesure qu\u2019ils arriveront. Cliquer sur le bouton pour les consulter.[\/vc_column_text][\/vc_column_inner][\/vc_row_inner][vc_row_inner][vc_column_inner][\/vc_column_inner][\/vc_row_inner][\/vc_column][\/vc_row][vc_row full_width=&#8221;stretch_row&#8221; disable_element=&#8221;yes&#8221;][vc_column]\n<div class=\"wpcf7 no-js\" id=\"wpcf7-f3869-o1\" lang=\"fr-FR\" dir=\"ltr\" data-wpcf7-id=\"3869\">\n<div class=\"screen-reader-response\"><p role=\"status\" aria-live=\"polite\" aria-atomic=\"true\"><\/p> <ul><\/ul><\/div>\n<form action=\"\/en\/wp-json\/wp\/v2\/pages\/5800#wpcf7-f3869-o1\" method=\"post\" class=\"wpcf7-form init\" aria-label=\"Formulaire de contact\" novalidate=\"novalidate\" data-status=\"init\">\n<fieldset class=\"hidden-fields-container\"><input type=\"hidden\" name=\"_wpcf7\" value=\"3869\" \/><input type=\"hidden\" name=\"_wpcf7_version\" value=\"6.1.5\" \/><input type=\"hidden\" name=\"_wpcf7_locale\" value=\"fr_FR\" \/><input type=\"hidden\" name=\"_wpcf7_unit_tag\" value=\"wpcf7-f3869-o1\" \/><input type=\"hidden\" name=\"_wpcf7_container_post\" value=\"0\" \/><input type=\"hidden\" name=\"_wpcf7_posted_data_hash\" value=\"\" \/>\n<\/fieldset>\n<p><label> Nom<br \/>\n<span class=\"wpcf7-form-control-wrap\" data-name=\"your-nom\"><input size=\"40\" maxlength=\"400\" class=\"wpcf7-form-control wpcf7-text wpcf7-validates-as-required\" autocomplete=\"name\" aria-required=\"true\" aria-invalid=\"false\" value=\"\" type=\"text\" name=\"your-nom\" \/><\/span> <\/label>\n<\/p>\n<p><label> Pr\u00e9nom<br \/>\n<span class=\"wpcf7-form-control-wrap\" data-name=\"your-prenom\"><input size=\"40\" maxlength=\"400\" class=\"wpcf7-form-control wpcf7-text wpcf7-validates-as-required\" autocomplete=\"name\" aria-required=\"true\" aria-invalid=\"false\" value=\"\" type=\"text\" name=\"your-prenom\" \/><\/span> <\/label>\n<\/p>\n<p><label> E-mail<br \/>\n<span class=\"wpcf7-form-control-wrap\" data-name=\"your-email\"><input size=\"40\" maxlength=\"400\" class=\"wpcf7-form-control wpcf7-email wpcf7-validates-as-required wpcf7-text wpcf7-validates-as-email\" autocomplete=\"email\" aria-required=\"true\" aria-invalid=\"false\" value=\"\" type=\"email\" name=\"your-email\" \/><\/span> <\/label>\n<\/p>\n<p><label> Fonction<br \/>\n<span class=\"wpcf7-form-control-wrap\" data-name=\"your-fonction\"><input size=\"40\" maxlength=\"400\" class=\"wpcf7-form-control wpcf7-text wpcf7-validates-as-required\" aria-required=\"true\" aria-invalid=\"false\" value=\"\" type=\"text\" name=\"your-fonction\" \/><\/span> <\/label>\n<\/p>\n<p><label> Votre message<br \/>\n<span class=\"wpcf7-form-control-wrap\" data-name=\"your-message\"><textarea cols=\"40\" rows=\"10\" maxlength=\"2000\" class=\"wpcf7-form-control wpcf7-textarea\" aria-invalid=\"false\" name=\"your-message\"><\/textarea><\/span> <\/label>\n<\/p>\n<p><span class=\"wpcf7-form-control-wrap\" data-name=\"hcap-cf7\">\t\t<input\n\t\t\t\ttype=\"hidden\"\n\t\t\t\tclass=\"hcaptcha-widget-id\"\n\t\t\t\tname=\"hcaptcha-widget-id\"\n\t\t\t\tvalue=\"eyJzb3VyY2UiOlsiY29udGFjdC1mb3JtLTdcL3dwLWNvbnRhY3QtZm9ybS03LnBocCJdLCJmb3JtX2lkIjozODY5fQ==-27f22f81776168bf976649cccb08063a\">\n\t\t\t\t<span id=\"hcap_cf7-69e20ebff03b18.99212917\" class=\"wpcf7-form-control h-captcha \"\n\t\t\tdata-sitekey=\"e73beb7a-de4b-4972-9cef-3fdfa1f38464\"\n\t\t\tdata-theme=\"light\"\n\t\t\tdata-size=\"normal\"\n\t\t\tdata-auto=\"false\"\n\t\t\tdata-ajax=\"false\"\n\t\t\tdata-force=\"false\">\n\t\t<\/span>\n\t\t<input type=\"hidden\" id=\"_wpnonce\" name=\"_wpnonce\" value=\"89e2464d40\" \/><input type=\"hidden\" name=\"_wp_http_referer\" value=\"\/en\/wp-json\/wp\/v2\/pages\/5800\" \/><\/span><input class=\"wpcf7-form-control wpcf7-submit has-spinner\" type=\"submit\" value=\"Envoyer\" \/>\n<\/p><div class=\"wpcf7-response-output\" aria-hidden=\"true\"><\/div>\n<\/form>\n<\/div>\n[\/vc_column][\/vc_row]<\/p>\n<\/div>","protected":false},"excerpt":{"rendered":"<p>[vc_row css=&#8221;.vc_custom_1686654630216{background-color: #ffffff !important;}&#8221;][vc_column][vc_row_inner][vc_column_inner][vc_single_image image=&#8221;3927&#8243; img_size=&#8221;large&#8221;][vc_custom_heading text=&#8221;A la m\u00e9moire de Berrie Giebels&#8221; font_container=&#8221;tag:h1|font_size:42|text_align:center|color:%23676767&#8243; google_fonts=&#8221;font_family:Roboto%3A100%2C100italic%2C300%2C300italic%2Cregular%2Citalic%2C500%2C500italic%2C700%2C700italic%2C900%2C900italic|font_style:400%20regular%3A400%3Anormal&#8221;][\/vc_column_inner][\/vc_row_inner][vc_row_inner][vc_column_inner width=&#8221;1\/2&#8243;][vc_single_image image=&#8221;4258&#8243; img_size=&#8221;full&#8221; css=&#8221;.vc_custom_1700577830145{margin-bottom: 0px !important;border-bottom-width: 0px !important;padding-bottom: 0px !important;}&#8221;][vc_btn title=&#8221;Hommages\/Tributes&#8221; style=&#8221;flat&#8221;<span class=\"excerpt-hellip\"> [\u2026]<\/span><\/p>\n","protected":false},"author":14,"featured_media":0,"parent":0,"menu_order":0,"comment_status":"closed","ping_status":"closed","template":"template-blank.php","meta":{"footnotes":""},"class_list":["post-5800","page","type-page","status-publish","hentry"],"_links":{"self":[{"href":"https:\/\/cc.in2p3.fr\/en\/wp-json\/wp\/v2\/pages\/5800","targetHints":{"allow":["GET"]}}],"collection":[{"href":"https:\/\/cc.in2p3.fr\/en\/wp-json\/wp\/v2\/pages"}],"about":[{"href":"https:\/\/cc.in2p3.fr\/en\/wp-json\/wp\/v2\/types\/page"}],"author":[{"embeddable":true,"href":"https:\/\/cc.in2p3.fr\/en\/wp-json\/wp\/v2\/users\/14"}],"replies":[{"embeddable":true,"href":"https:\/\/cc.in2p3.fr\/en\/wp-json\/wp\/v2\/comments?post=5800"}],"version-history":[{"count":0,"href":"https:\/\/cc.in2p3.fr\/en\/wp-json\/wp\/v2\/pages\/5800\/revisions"}],"wp:attachment":[{"href":"https:\/\/cc.in2p3.fr\/en\/wp-json\/wp\/v2\/media?parent=5800"}],"curies":[{"name":"wp","href":"https:\/\/api.w.org\/{rel}","templated":true}]}}